{"id":828,"date":"2025-10-01T15:04:34","date_gmt":"2025-10-01T22:04:34","guid":{"rendered":"https:\/\/nectarnowstg.wpenginepowered.com\/contactanos\/"},"modified":"2025-10-21T13:17:08","modified_gmt":"2025-10-21T20:17:08","slug":"contactanos","status":"publish","type":"page","link":"https:\/\/nectarnow.co\/es\/contactanos\/","title":{"rendered":"Cont\u00e1ctanos"},"content":{"rendered":"\t\t<div data-elementor-type=\"wp-page\" data-elementor-id=\"828\" class=\"elementor elementor-828 elementor-44\">\n\t\t\t\t<div class=\"elementor-element elementor-element-3d8b30b2 e-grid nectar-padding-top-half e-con-boxed e-con e-parent\" data-id=\"3d8b30b2\" data-element_type=\"container\" data-e-type=\"container\">\n\t\t\t\t\t<div class=\"e-con-inner\">\n\t\t<div class=\"elementor-element elementor-element-4e3f88b3 e-con-full e-flex e-con e-child\" data-id=\"4e3f88b3\" data-element_type=\"container\" data-e-type=\"container\">\n\t\t\t\t<div class=\"elementor-element elementor-element-1d695bc9 elementor-widget elementor-widget-text-editor\" data-id=\"1d695bc9\" data-element_type=\"widget\" data-e-type=\"widget\" data-widget_type=\"text-editor.default\">\n\t\t\t\t\t\t\t\t\t<h1>CONVERSEMOS\u2014<span class=\"nectar-text-accent\">\u00bfC\u00d3MO PODEMOS AYUDARTE?<\/span><\/h1>\t\t\t\t\t\t\t\t<\/div>\n\t\t\t\t<div class=\"elementor-element elementor-element-10cc6a6 elementor-widget elementor-widget-text-editor\" data-id=\"10cc6a6\" data-element_type=\"widget\" data-e-type=\"widget\" data-widget_type=\"text-editor.default\">\n\t\t\t\t\t\t\t\t\t<p>Ya sea que busques apoyo, una colaboraci\u00f3n o m\u00e1s informaci\u00f3n, nos aseguraremos de que tu mensaje llegue al equipo adecuado.<\/p>\t\t\t\t\t\t\t\t<\/div>\n\t\t\t\t<\/div>\n\t\t\t\t<div class=\"elementor-element elementor-element-16396ea7 nectar-transition-zoom-out elementor-widget elementor-widget-image\" data-id=\"16396ea7\" data-element_type=\"widget\" data-e-type=\"widget\" data-widget_type=\"image.default\">\n\t\t\t\t\t\t\t\t\t\t\t\t\t\t\t<img fetchpriority=\"high\" decoding=\"async\" width=\"573\" height=\"573\" src=\"https:\/\/nectarnow.co\/wp-content\/uploads\/2025\/10\/hero-contact-us.jpg\" class=\"attachment-full size-full wp-image-556\" alt=\"\" srcset=\"https:\/\/nectarnow.co\/wp-content\/uploads\/2025\/10\/hero-contact-us.jpg 573w, https:\/\/nectarnow.co\/wp-content\/uploads\/2025\/10\/hero-contact-us-300x300.jpg 300w, https:\/\/nectarnow.co\/wp-content\/uploads\/2025\/10\/hero-contact-us-150x150.jpg 150w, https:\/\/nectarnow.co\/wp-content\/uploads\/2025\/10\/hero-contact-us-480x480.jpg 480w\" sizes=\"(max-width: 573px) 100vw, 573px\" \/>\t\t\t\t\t\t\t\t\t\t\t\t\t\t\t<\/div>\n\t\t\t\t\t<\/div>\n\t\t\t\t<\/div>\n\t\t<div class=\"elementor-element elementor-element-28a309ed e-flex e-con-boxed e-con e-parent\" data-id=\"28a309ed\" data-element_type=\"container\" data-e-type=\"container\" data-settings=\"{&quot;background_background&quot;:&quot;classic&quot;}\">\n\t\t\t\t\t<div class=\"e-con-inner\">\n\t\t\t\t<div class=\"elementor-element elementor-element-d3babf6 elementor-widget elementor-widget-nectar-contact-form\" data-id=\"d3babf6\" data-element_type=\"widget\" data-e-type=\"widget\" data-widget_type=\"nectar-contact-form.default\">\n\t\t\t\t<div class=\"elementor-widget-container\">\n\t\t\t\t\t<form class=\"nectar-form nectar-contact-form nectar-loader\" enctype=\"multipart\/form-data\" method=\"post\"><div aria-hidden=\"true\" class=\"nectar-hidden\"><script src=\"https:\/\/www.google.com\/recaptcha\/api.js?badge=none&render=\"><\/script><input class=\"g-recaptcha-response\" name=\"g-recaptcha-response\" type=\"hidden\" \/><input type=\"hidden\" id=\"_ajax_nonce\" name=\"_ajax_nonce\" value=\"b0511d25e3\" \/><input type=\"hidden\" name=\"_wp_http_referer\" value=\"\/es\/wp-json\/wp\/v2\/pages\/828\" \/><input name=\"action\" type=\"hidden\" value=\"nectar_hook_contact_form\" \/><\/div><div class=\"nectar-row nectar-row-padding-half\"><div class=\"nectar-col-md-4\"><label for=\"nectar-field-nectarnombre\" id=\"nectar-field-nectarnombre-label\">*Nombre<\/label><\/div><div class=\"nectar-col-md-8\"><input type=\"text\" id=\"nectar-field-nectarnombre\" name=\"nectarnombre\" aria-labelledby=\"nectar-field-nectarnombre-label\" aria-required=\"true\" required=\"required\" \/><\/div><\/div><div class=\"nectar-row nectar-row-padding-half\"><div class=\"nectar-col-md-4\"><label for=\"nectar-field-nectarcorreoelectrnico\" id=\"nectar-field-nectarcorreoelectrnico-label\">*Correo electr\u00f3nico<\/label><\/div><div class=\"nectar-col-md-8\"><input type=\"email\" id=\"nectar-field-nectarcorreoelectrnico\" name=\"nectarcorreoelectrnico\" aria-labelledby=\"nectar-field-nectarcorreoelectrnico-label\" aria-required=\"true\" required=\"required\" \/><\/div><\/div><div class=\"nectar-row nectar-row-padding-half\"><div class=\"nectar-col-md-4\"><label for=\"nectar-field-nectarorganizacinsiaplica\" id=\"nectar-field-nectarorganizacinsiaplica-label\">Organizaci\u00f3n (si aplica)<\/label><\/div><div class=\"nectar-col-md-8\"><input type=\"text\" id=\"nectar-field-nectarorganizacinsiaplica\" name=\"nectarorganizacinsiaplica\" aria-labelledby=\"nectar-field-nectarorganizacinsiaplica-label\" \/><\/div><\/div><div class=\"nectar-row nectar-row-padding-half\"><div class=\"nectar-col-md-4\"><label for=\"nectar-field-nectarmecomunicocomo\" id=\"nectar-field-nectarmecomunicocomo-label\">*Me comunico como<\/label><\/div><div class=\"nectar-col-md-8\"><select data-nectar-toggle-id=\"nectar-other-1\" data-nectar-toggle-value=\"Other\" id=\"nectar-field-nectarmecomunicocomo\" name=\"nectarmecomunicocomo\" aria-labelledby=\"nectar-field-nectarmecomunicocomo-label\" aria-required=\"true\" required=\"required\"><option value=\"\">--<\/option><option value=\"Neighbor\">Vecino o persona que busca apoyo<\/option><option value=\"CBO\">Organizaci\u00f3n comunitaria (CBO)<\/option><option value=\"Healthcare Provider\">Proveedor de atenci\u00f3n m\u00e9dica<\/option><option value=\"Healthcare Payer\">Aseguradora de salud<\/option><option value=\"Other\">Otro<\/option><\/select><\/div><\/div><div aria-hidden=\"true\" class=\"nectar-row nectar-row-padding-half nectar-hidden\"><div class=\"nectar-col-md-4 nectar-sm-hidden nectar-xs-hidden\"><label for=\"nectar-other-1\" id=\"nectar-other-1-label\"><\/label><\/div><div class=\"nectar-col-md-8\"><input placeholder=\"Otro\" type=\"text\" id=\"nectar-other-1\" name=\"nectarotro\" aria-disabled=\"true\" disabled=\"disabled\" \/><\/div><\/div><div class=\"nectar-row nectar-row-padding-half\"><div class=\"nectar-col-md-4\"><label for=\"nectar-field-nectarmegustara\" id=\"nectar-field-nectarmegustara-label\">*Me gustar\u00eda<\/label><\/div><div class=\"nectar-col-md-8\"><select data-nectar-toggle-id=\"nectar-other-2\" data-nectar-toggle-value=\"Other\" id=\"nectar-field-nectarmegustara\" name=\"nectarmegustara\" aria-labelledby=\"nectar-field-nectarmegustara-label\" aria-required=\"true\" required=\"required\"><option value=\"\">--<\/option><option value=\"Get help using the app\">Recibir ayuda para usar la aplicaci\u00f3n<\/option><option value=\"Learn more about Nectar\">Saber m\u00e1s sobre Nectar<\/option><option value=\"Request a meeting\">Solicitar una reuni\u00f3n<\/option><option value=\"Join the Nectar CBO Network\">Unirme a la Red Comunitaria de CBOs de Nectar<\/option><option value=\"Share feedback or a story\">Compartir comentarios o una historia<\/option><option value=\"Other\">Otro<\/option><\/select><\/div><\/div><div aria-hidden=\"true\" class=\"nectar-row nectar-row-padding-half nectar-hidden\"><div class=\"nectar-col-md-4 nectar-sm-hidden nectar-xs-hidden\"><label for=\"nectar-other-2\" id=\"nectar-other-2-label\"><\/label><\/div><div class=\"nectar-col-md-8\"><input placeholder=\"Otro\" type=\"text\" id=\"nectar-other-2\" name=\"nectarotro-1\" aria-disabled=\"true\" disabled=\"disabled\" \/><\/div><\/div><div class=\"nectar-screen-reader-text\"><div class=\"nectar-col-md-4\"><label for=\"nectar-field-subject\" id=\"nectar-field-subject-label\">Subject<\/label><\/div><div class=\"nectar-col-md-8\"><input type=\"text\" id=\"nectar-field-subject\" name=\"subject\" aria-labelledby=\"nectar-field-subject-label\" tabindex=\"-1\" \/><\/div><\/div><div class=\"nectar-row nectar-row-padding-half\"><div class=\"nectar-col-md-4 nectar-sm-hidden nectar-xs-hidden\"><\/div><div class=\"nectar-col-md-8\"><p><button aria-disabled=\"true\" class=\"nectar-button nectar-button-arrow nectar-button-green\" disabled=\"disabled\" type=\"submit\">Enviar mensaje<\/button><\/p><\/div><\/div><\/form><div class=\"nectar-thank-you nectar-hidden\"><div class=\"nectar-row nectar-row-padding-half\"><div class=\"nectar-col-xs-12\"><h3 class=\"nectar-text-center\">Thanks for reaching out!<\/h3><p class=\"nectar-text-center\">We&#039;ve received your message and someone from the Nectar team will be in touch shortly.<\/p><\/div><\/div><\/div>\t\t\t\t<\/div>\n\t\t\t\t<\/div>\n\t\t\t\t\t<\/div>\n\t\t\t\t<\/div>\n\t\t\t\t<\/div>\n\t\t","protected":false},"excerpt":{"rendered":"<p>CONVERSEMOS\u2014\u00bfC\u00d3MO PODEMOS AYUDARTE? Ya sea que busques apoyo, una colaboraci\u00f3n o m\u00e1s informaci\u00f3n, nos aseguraremos de que tu mensaje llegue al equipo adecuado. *Name*EmailOrganization (if applicable)*I&#039;m reaching out as a&#8212;Neighbor or individual looking for supportCommunity-Based Organization (CBO)Healthcare ProviderHealthcare PayerOther*I&#039;d like to&#8212;Get help using the appLearn more about NectarSchedule a demoRequest a meetingJoin the Nectar CBO [&hellip;]<\/p>\n","protected":false},"author":2,"featured_media":0,"parent":0,"menu_order":4,"comment_status":"closed","ping_status":"closed","template":"","meta":{"_acf_changed":false,"inline_featured_image":false,"footnotes":""},"class_list":["post-828","page","type-page","status-publish","hentry"],"acf":[],"yoast_head":"<!-- This site is optimized with the Yoast SEO plugin v27.3 - https:\/\/yoast.com\/product\/yoast-seo-wordpress\/ -->\n<title>Cont\u00e1ctanos - Nectar<\/title>\n<meta name=\"robots\" content=\"index, follow, max-snippet:-1, max-image-preview:large, max-video-preview:-1\" \/>\n<link rel=\"canonical\" href=\"https:\/\/nectarnow.co\/es\/contactanos\/\" \/>\n<meta property=\"og:locale\" content=\"es_ES\" \/>\n<meta property=\"og:type\" content=\"article\" \/>\n<meta property=\"og:title\" content=\"Cont\u00e1ctanos - Nectar\" \/>\n<meta property=\"og:description\" content=\"CONVERSEMOS\u2014\u00bfC\u00d3MO PODEMOS AYUDARTE? Ya sea que busques apoyo, una colaboraci\u00f3n o m\u00e1s informaci\u00f3n, nos aseguraremos de que tu mensaje llegue al equipo adecuado. *Name*EmailOrganization (if applicable)*I&#039;m reaching out as a&#8212;Neighbor or individual looking for supportCommunity-Based Organization (CBO)Healthcare ProviderHealthcare PayerOther*I&#039;d like to&#8212;Get help using the appLearn more about NectarSchedule a demoRequest a meetingJoin the Nectar CBO [&hellip;]\" \/>\n<meta property=\"og:url\" content=\"https:\/\/nectarnow.co\/es\/contactanos\/\" \/>\n<meta property=\"og:site_name\" content=\"Nectar\" \/>\n<meta property=\"article:modified_time\" content=\"2025-10-21T20:17:08+00:00\" \/>\n<meta property=\"og:image\" content=\"https:\/\/nectarnow.co\/wp-content\/uploads\/2025\/10\/hero-contact-us.jpg\" \/>\n\t<meta property=\"og:image:width\" content=\"573\" \/>\n\t<meta property=\"og:image:height\" content=\"573\" \/>\n\t<meta property=\"og:image:type\" content=\"image\/jpeg\" \/>\n<meta name=\"twitter:card\" content=\"summary_large_image\" \/>\n<script type=\"application\/ld+json\" class=\"yoast-schema-graph\">{\"@context\":\"https:\\\/\\\/schema.org\",\"@graph\":[{\"@type\":\"WebPage\",\"@id\":\"https:\\\/\\\/nectarnow.co\\\/es\\\/contactanos\\\/\",\"url\":\"https:\\\/\\\/nectarnow.co\\\/es\\\/contactanos\\\/\",\"name\":\"Cont\u00e1ctanos - Nectar\",\"isPartOf\":{\"@id\":\"https:\\\/\\\/nectarcorpprod.wpenginepowered.com\\\/#website\"},\"primaryImageOfPage\":{\"@id\":\"https:\\\/\\\/nectarnow.co\\\/es\\\/contactanos\\\/#primaryimage\"},\"image\":{\"@id\":\"https:\\\/\\\/nectarnow.co\\\/es\\\/contactanos\\\/#primaryimage\"},\"thumbnailUrl\":\"https:\\\/\\\/nectarnow.co\\\/wp-content\\\/uploads\\\/2025\\\/10\\\/hero-contact-us.jpg\",\"datePublished\":\"2025-10-01T22:04:34+00:00\",\"dateModified\":\"2025-10-21T20:17:08+00:00\",\"breadcrumb\":{\"@id\":\"https:\\\/\\\/nectarnow.co\\\/es\\\/contactanos\\\/#breadcrumb\"},\"inLanguage\":\"es\",\"potentialAction\":[{\"@type\":\"ReadAction\",\"target\":[\"https:\\\/\\\/nectarnow.co\\\/es\\\/contactanos\\\/\"]}]},{\"@type\":\"ImageObject\",\"inLanguage\":\"es\",\"@id\":\"https:\\\/\\\/nectarnow.co\\\/es\\\/contactanos\\\/#primaryimage\",\"url\":\"https:\\\/\\\/nectarnow.co\\\/wp-content\\\/uploads\\\/2025\\\/10\\\/hero-contact-us.jpg\",\"contentUrl\":\"https:\\\/\\\/nectarnow.co\\\/wp-content\\\/uploads\\\/2025\\\/10\\\/hero-contact-us.jpg\"},{\"@type\":\"BreadcrumbList\",\"@id\":\"https:\\\/\\\/nectarnow.co\\\/es\\\/contactanos\\\/#breadcrumb\",\"itemListElement\":[{\"@type\":\"ListItem\",\"position\":1,\"name\":\"Home\",\"item\":\"https:\\\/\\\/nectarnow.co\\\/es\\\/\"},{\"@type\":\"ListItem\",\"position\":2,\"name\":\"Cont\u00e1ctanos\"}]},{\"@type\":\"WebSite\",\"@id\":\"https:\\\/\\\/nectarcorpprod.wpenginepowered.com\\\/#website\",\"url\":\"https:\\\/\\\/nectarcorpprod.wpenginepowered.com\\\/\",\"name\":\"Nectar\",\"description\":\"\",\"publisher\":{\"@id\":\"https:\\\/\\\/nectarcorpprod.wpenginepowered.com\\\/#organization\"},\"potentialAction\":[{\"@type\":\"SearchAction\",\"target\":{\"@type\":\"EntryPoint\",\"urlTemplate\":\"https:\\\/\\\/nectarcorpprod.wpenginepowered.com\\\/?s={search_term_string}\"},\"query-input\":{\"@type\":\"PropertyValueSpecification\",\"valueRequired\":true,\"valueName\":\"search_term_string\"}}],\"inLanguage\":\"es\"},{\"@type\":\"Organization\",\"@id\":\"https:\\\/\\\/nectarcorpprod.wpenginepowered.com\\\/#organization\",\"name\":\"Nectar\",\"url\":\"https:\\\/\\\/nectarcorpprod.wpenginepowered.com\\\/\",\"logo\":{\"@type\":\"ImageObject\",\"inLanguage\":\"es\",\"@id\":\"https:\\\/\\\/nectarcorpprod.wpenginepowered.com\\\/#\\\/schema\\\/logo\\\/image\\\/\",\"url\":\"https:\\\/\\\/nectarnow.co\\\/wp-content\\\/uploads\\\/2025\\\/09\\\/nectar.svg\",\"contentUrl\":\"https:\\\/\\\/nectarnow.co\\\/wp-content\\\/uploads\\\/2025\\\/09\\\/nectar.svg\",\"width\":408,\"height\":81,\"caption\":\"Nectar\"},\"image\":{\"@id\":\"https:\\\/\\\/nectarcorpprod.wpenginepowered.com\\\/#\\\/schema\\\/logo\\\/image\\\/\"}}]}<\/script>\n<!-- \/ Yoast SEO plugin. -->","yoast_head_json":{"title":"Cont\u00e1ctanos - Nectar","robots":{"index":"index","follow":"follow","max-snippet":"max-snippet:-1","max-image-preview":"max-image-preview:large","max-video-preview":"max-video-preview:-1"},"canonical":"https:\/\/nectarnow.co\/es\/contactanos\/","og_locale":"es_ES","og_type":"article","og_title":"Cont\u00e1ctanos - Nectar","og_description":"CONVERSEMOS\u2014\u00bfC\u00d3MO PODEMOS AYUDARTE? Ya sea que busques apoyo, una colaboraci\u00f3n o m\u00e1s informaci\u00f3n, nos aseguraremos de que tu mensaje llegue al equipo adecuado. *Name*EmailOrganization (if applicable)*I&#039;m reaching out as a&#8212;Neighbor or individual looking for supportCommunity-Based Organization (CBO)Healthcare ProviderHealthcare PayerOther*I&#039;d like to&#8212;Get help using the appLearn more about NectarSchedule a demoRequest a meetingJoin the Nectar CBO [&hellip;]","og_url":"https:\/\/nectarnow.co\/es\/contactanos\/","og_site_name":"Nectar","article_modified_time":"2025-10-21T20:17:08+00:00","og_image":[{"width":573,"height":573,"url":"https:\/\/nectarnow.co\/wp-content\/uploads\/2025\/10\/hero-contact-us.jpg","type":"image\/jpeg"}],"twitter_card":"summary_large_image","schema":{"@context":"https:\/\/schema.org","@graph":[{"@type":"WebPage","@id":"https:\/\/nectarnow.co\/es\/contactanos\/","url":"https:\/\/nectarnow.co\/es\/contactanos\/","name":"Cont\u00e1ctanos - Nectar","isPartOf":{"@id":"https:\/\/nectarcorpprod.wpenginepowered.com\/#website"},"primaryImageOfPage":{"@id":"https:\/\/nectarnow.co\/es\/contactanos\/#primaryimage"},"image":{"@id":"https:\/\/nectarnow.co\/es\/contactanos\/#primaryimage"},"thumbnailUrl":"https:\/\/nectarnow.co\/wp-content\/uploads\/2025\/10\/hero-contact-us.jpg","datePublished":"2025-10-01T22:04:34+00:00","dateModified":"2025-10-21T20:17:08+00:00","breadcrumb":{"@id":"https:\/\/nectarnow.co\/es\/contactanos\/#breadcrumb"},"inLanguage":"es","potentialAction":[{"@type":"ReadAction","target":["https:\/\/nectarnow.co\/es\/contactanos\/"]}]},{"@type":"ImageObject","inLanguage":"es","@id":"https:\/\/nectarnow.co\/es\/contactanos\/#primaryimage","url":"https:\/\/nectarnow.co\/wp-content\/uploads\/2025\/10\/hero-contact-us.jpg","contentUrl":"https:\/\/nectarnow.co\/wp-content\/uploads\/2025\/10\/hero-contact-us.jpg"},{"@type":"BreadcrumbList","@id":"https:\/\/nectarnow.co\/es\/contactanos\/#breadcrumb","itemListElement":[{"@type":"ListItem","position":1,"name":"Home","item":"https:\/\/nectarnow.co\/es\/"},{"@type":"ListItem","position":2,"name":"Cont\u00e1ctanos"}]},{"@type":"WebSite","@id":"https:\/\/nectarcorpprod.wpenginepowered.com\/#website","url":"https:\/\/nectarcorpprod.wpenginepowered.com\/","name":"Nectar","description":"","publisher":{"@id":"https:\/\/nectarcorpprod.wpenginepowered.com\/#organization"},"potentialAction":[{"@type":"SearchAction","target":{"@type":"EntryPoint","urlTemplate":"https:\/\/nectarcorpprod.wpenginepowered.com\/?s={search_term_string}"},"query-input":{"@type":"PropertyValueSpecification","valueRequired":true,"valueName":"search_term_string"}}],"inLanguage":"es"},{"@type":"Organization","@id":"https:\/\/nectarcorpprod.wpenginepowered.com\/#organization","name":"Nectar","url":"https:\/\/nectarcorpprod.wpenginepowered.com\/","logo":{"@type":"ImageObject","inLanguage":"es","@id":"https:\/\/nectarcorpprod.wpenginepowered.com\/#\/schema\/logo\/image\/","url":"https:\/\/nectarnow.co\/wp-content\/uploads\/2025\/09\/nectar.svg","contentUrl":"https:\/\/nectarnow.co\/wp-content\/uploads\/2025\/09\/nectar.svg","width":408,"height":81,"caption":"Nectar"},"image":{"@id":"https:\/\/nectarcorpprod.wpenginepowered.com\/#\/schema\/logo\/image\/"}}]}},"_links":{"self":[{"href":"https:\/\/nectarnow.co\/es\/wp-json\/wp\/v2\/pages\/828","targetHints":{"allow":["GET"]}}],"collection":[{"href":"https:\/\/nectarnow.co\/es\/wp-json\/wp\/v2\/pages"}],"about":[{"href":"https:\/\/nectarnow.co\/es\/wp-json\/wp\/v2\/types\/page"}],"author":[{"embeddable":true,"href":"https:\/\/nectarnow.co\/es\/wp-json\/wp\/v2\/users\/2"}],"replies":[{"embeddable":true,"href":"https:\/\/nectarnow.co\/es\/wp-json\/wp\/v2\/comments?post=828"}],"version-history":[{"count":0,"href":"https:\/\/nectarnow.co\/es\/wp-json\/wp\/v2\/pages\/828\/revisions"}],"wp:attachment":[{"href":"https:\/\/nectarnow.co\/es\/wp-json\/wp\/v2\/media?parent=828"}],"curies":[{"name":"wp","href":"https:\/\/api.w.org\/{rel}","templated":true}]}}